{"id":1357,"date":"2023-08-17T21:37:16","date_gmt":"2023-08-17T21:37:16","guid":{"rendered":"https:\/\/it-impulse.net\/kontaktujte-nas\/"},"modified":"2025-04-30T07:34:06","modified_gmt":"2025-04-30T07:34:06","slug":"kontaktujte-nas","status":"publish","type":"page","link":"https:\/\/it-impulse.net\/sk\/kontaktujte-nas\/","title":{"rendered":"Kontaktujte n\u00e1s"},"content":{"rendered":"<p>[et_pb_section fb_built=&#8220;1&#8243; fullwidth=&#8220;on&#8220; _builder_version=&#8220;4.27.4&#8243; _module_preset=&#8220;default&#8220; custom_margin=&#8220;||||false|false&#8220; custom_padding=&#8220;||||false|false&#8220; border_width_bottom=&#8220;15px&#8220; border_color_bottom=&#8220;#3C607D&#8220; global_colors_info=&#8220;{}&#8220;][et_pb_fullwidth_header title=&#8220;Kontaktujte n\u00e1s&#8220; background_overlay_color=&#8220;RGBA(255,255,255,0)&#8220; _builder_version=&#8220;4.27.4&#8243; _module_preset=&#8220;default&#8220; title_font=&#8220;|700|||||||&#8220; title_font_size=&#8220;85px&#8220; title_line_height=&#8220;1.2em&#8220; background_color=&#8220;RGBA(255,255,255,0)&#8220; background_image=&#8220;https:\/\/it-impulse.net\/wp-content\/uploads\/2025\/04\/4.jpeg&#8220; background_position=&#8220;top_center&#8220; background_vertical_offset=&#8220;2%&#8220; custom_button_one=&#8220;on&#8220; button_one_text_color=&#8220;#FFFFFF&#8220; button_one_bg_color=&#8220;#3791C2&#8243; button_one_border_radius=&#8220;57px&#8220; button_one_font=&#8220;|600||on|||||&#8220; button_one_use_icon=&#8220;off&#8220; height_tablet=&#8220;&#8220; height_phone=&#8220;&#8220; height_last_edited=&#8220;on|desktop&#8220; custom_margin=&#8220;||||false|false&#8220; custom_padding=&#8220;25%||||false|false&#8220; custom_padding_tablet=&#8220;25%||||false|false&#8220; custom_padding_phone=&#8220;25%||2%||false|false&#8220; custom_padding_last_edited=&#8220;on|phone&#8220; hover_enabled=&#8220;0&#8243; title_font_size_tablet=&#8220;60px&#8220; title_font_size_phone=&#8220;41px&#8220; title_font_size_last_edited=&#8220;on|phone&#8220; title_line_height_tablet=&#8220;1.2em&#8220; title_line_height_phone=&#8220;1em&#8220; title_line_height_last_edited=&#8220;on|phone&#8220; button_one_text_size_tablet=&#8220;&#8220; button_one_text_size_phone=&#8220;17px&#8220; button_one_text_size_last_edited=&#8220;on|phone&#8220; title_text_shadow_style=&#8220;preset3&#8243; title_text_shadow_blur_strength=&#8220;0.12em&#8220; title_text_shadow_color=&#8220;rgba(7,1,0,0.62)&#8220; global_colors_info=&#8220;{}&#8220; title_text=&#8220;4&#8243; sticky_enabled=&#8220;0&#8243;][\/et_pb_fullwidth_header][\/et_pb_section][et_pb_section fb_built=&#8220;1&#8243; _builder_version=&#8220;4.27.4&#8243; _module_preset=&#8220;default&#8220; custom_padding=&#8220;80px||||false|false&#8220; global_colors_info=&#8220;{}&#8220;][et_pb_row _builder_version=&#8220;4.21.0&#8243; _module_preset=&#8220;default&#8220; custom_padding=&#8220;||||false|false&#8220; global_colors_info=&#8220;{}&#8220;][et_pb_column type=&#8220;4_4&#8243; _builder_version=&#8220;4.21.0&#8243; _module_preset=&#8220;default&#8220; global_colors_info=&#8220;{}&#8220;][et_pb_text _builder_version=&#8220;4.23.1&#8243; _module_preset=&#8220;default&#8220; header_font=&#8220;|700|||||||&#8220; header_font_size=&#8220;45px&#8220; header_line_height=&#8220;1.1em&#8220; header_2_font=&#8220;|700|||||||&#8220; header_2_line_height=&#8220;1.3em&#8220; header_6_font=&#8220;|||on|||||&#8220; custom_margin=&#8220;0px|||||&#8220; custom_padding=&#8220;||||false|false&#8220; global_colors_info=&#8220;{}&#8220;]<\/p>\n<h2>Sme tu pre v\u00e1s!<\/h2>\n<p>[\/et_pb_text][\/et_pb_column][\/et_pb_row][et_pb_row column_structure=&#8220;3_5,2_5&#8243; _builder_version=&#8220;4.21.0&#8243; _module_preset=&#8220;default&#8220; custom_padding=&#8220;0px||||false|false&#8220; global_colors_info=&#8220;{}&#8220;][et_pb_column type=&#8220;3_5&#8243; _builder_version=&#8220;4.21.0&#8243; _module_preset=&#8220;default&#8220; global_colors_info=&#8220;{}&#8220;][et_pb_text _builder_version=&#8220;4.23.1&#8243; _module_preset=&#8220;default&#8220; text_font=&#8220;|300|||||||&#8220; global_colors_info=&#8220;{}&#8220;]<\/p>\n<p><strong>M\u00e1te ot\u00e1zky o na\u0161ich IT slu\u017eb\u00e1ch alebo m\u00e1te z\u00e1ujem s nami spolupracova\u0165?<\/strong><\/p>\n<p><span>Nev\u00e1hajte n\u00e1s kontaktova\u0165 prostredn\u00edctvom ni\u017e\u0161ie uveden\u00e9ho formul\u00e1ra. N\u00e1\u0161 t\u00edm sa v\u00e1m \u010do najsk\u00f4r ozve - bez oh\u013eadu na to, \u010di potrebujete podporu pri projekte alebo chcete z\u00edska\u0165 viac inform\u00e1ci\u00ed. Te\u0161\u00edme sa na va\u0161u odpove\u010f!  <\/span><\/p>\n<p>[\/et_pb_text][\/et_pb_column][et_pb_column type=&#8220;2_5&#8243; _builder_version=&#8220;4.21.0&#8243; _module_preset=&#8220;default&#8220; global_colors_info=&#8220;{}&#8220;][et_pb_text _builder_version=&#8220;4.23.1&#8243; _module_preset=&#8220;default&#8220; header_font=&#8220;|700|||||||&#8220; header_font_size=&#8220;45px&#8220; header_line_height=&#8220;1.1em&#8220; header_2_font=&#8220;|700|||||||&#8220; header_2_line_height=&#8220;1.2em&#8220; header_6_font=&#8220;|||on|||||&#8220; custom_margin=&#8220;||20px||false|false&#8220; custom_padding=&#8220;||||false|false&#8220; global_colors_info=&#8220;{}&#8220;]<\/p>\n<h6 data-fontsize=\"32\" data-lineheight=\"34.880001px\" class=\"fusion-responsive-typography-calculated\">Na\u0161a centr\u00e1la<\/h6>\n<h2 data-fontsize=\"32\" data-lineheight=\"34.880001px\" class=\"fusion-responsive-typography-calculated\">IT impulzy  <\/h2>\n<p>[\/et_pb_text][et_pb_text _builder_version=&#8220;4.27.4&#8243; _module_preset=&#8220;default&#8220; text_font=&#8220;|300|||||||&#8220; global_colors_info=&#8220;{}&#8220;]<\/p>\n<p class=\"p1\">Robert-Koch-Str. 39<br \/>D-55129 Mainz <\/p>\n<p>Telef\u00f3n: +49 6131 6008 120<br \/>Mail: info@it-impulse.net<\/p>\n<p>[\/et_pb_text][\/et_pb_column][\/et_pb_row][\/et_pb_section][et_pb_section fb_built=&#8220;1&#8243; inner_shadow=&#8220;on&#8220; _builder_version=&#8220;4.23.1&#8243; _module_preset=&#8220;default&#8220; custom_padding=&#8220;||||false|false&#8220; global_colors_info=&#8220;{}&#8220;][et_pb_row column_structure=&#8220;3_5,2_5&#8243; module_id=&#8220;kontakt&#8220; _builder_version=&#8220;4.27.4&#8243; _module_preset=&#8220;default&#8220; global_colors_info=&#8220;{}&#8220;][et_pb_column type=&#8220;3_5&#8243; _builder_version=&#8220;4.22.1&#8243; _module_preset=&#8220;default&#8220; global_colors_info=&#8220;{}&#8220;][et_pb_divider color=&#8220;#3F3F3F&#8220; divider_weight=&#8220;6px&#8220; _builder_version=&#8220;4.22.1&#8243; _module_preset=&#8220;default&#8220; width=&#8220;50px&#8220; module_alignment=&#8220;left&#8220; custom_margin=&#8220;||0px||false|false&#8220; global_colors_info=&#8220;{}&#8220;][\/et_pb_divider][et_pb_contact_form use_spam_service=&#8220;on&#8220; recaptcha_list=&#8220;Default|Default-0&#8243; email=&#8220;info@it-impulse.net&#8220; title=&#8220;Nap\u00ed\u0161te n\u00e1m tu!&#8220; custom_message=&#8220;M\u00e1te nov\u00fa spr\u00e1vu o www.it-impulse.net od|et_pb_line_break_holder||||et_pb_line_break_holder||%%Vorname%% %%Nachname%% ||et_pb_line_break_holder||||et_pb_line_break_holder||Mail: %%Email%%||et_pb_line_break_holder||Tel.: %%Telefon%%||et_pb_line_break_holder||||et_pb_line_break_holder||||et_pb_line_break_holder||H\u013ead\u00e1m: %%Absender%%||et_pb_line_break_holder||%%Nachricht%%||et_pb_line_break_holder||&#8220; success_message=&#8220;\u010eakujeme, \u017ee ste n\u00e1m poslali spr\u00e1vu. Ozveme sa v\u00e1m \u010do najsk\u00f4r! &#8220; submit_button_text=&#8220;Odosla\u0165 spr\u00e1vu&#8220; _builder_version=&#8220;4.27.4&#8243; _module_preset=&#8220;default&#8220; _unique_id=&#8220;f6df4c25-a048-4a06-b778-540ccd0fa3b5&#8243; title_level=&#8220;h3&#8243; title_font=&#8220;|600|||||||&#8220; global_colors_info=&#8220;{}&#8220;][et_pb_contact_field field_id=&#8220;Vorname&#8220; field_title=&#8220;Krstn\u00e9 meno&#8220; _builder_version=&#8220;4.27.4&#8243; global_colors_info=&#8220;{}&#8220; button_text_size__hover_enabled=&#8220;off&#8220; button_one_text_size__hover_enabled=&#8220;off&#8220; button_two_text_size__hover_enabled=&#8220;off&#8220; button_text_color__hover_enabled=&#8220;off&#8220; button_one_text_color__hover_enabled=&#8220;off&#8220; button_two_text_color__hover_enabled=&#8220;off&#8220; button_border_width__hover_enabled=&#8220;off&#8220; button_one_border_width__hover_enabled=&#8220;off&#8220; button_two_border_width__hover_enabled=&#8220;off&#8220; button_border_color__hover_enabled=&#8220;off&#8220; button_one_border_color__hover_enabled=&#8220;off&#8220; button_two_border_color__hover_enabled=&#8220;off&#8220; button_border_radius__hover_enabled=&#8220;off&#8220; button_one_border_radius__hover_enabled=&#8220;off&#8220; button_two_border_radius__hover_enabled=&#8220;off&#8220; button_letter_spacing__hover_enabled=&#8220;off&#8220; button_one_letter_spacing__hover_enabled=&#8220;off&#8220; button_two_letter_spacing__hover_enabled=&#8220;off&#8220; button_bg_color__hover_enabled=&#8220;off&#8220; button_one_bg_color__hover_enabled=&#8220;off&#8220; button_two_bg_color__hover_enabled=&#8220;off&#8220;][\/et_pb_contact_field][et_pb_contact_field field_id=&#8220;Nachname&#8220; field_title=&#8220;Priezvisko&#8220; _builder_version=&#8220;4.27.4&#8243; global_colors_info=&#8220;{}&#8220; button_text_size__hover_enabled=&#8220;off&#8220; button_one_text_size__hover_enabled=&#8220;off&#8220; button_two_text_size__hover_enabled=&#8220;off&#8220; button_text_color__hover_enabled=&#8220;off&#8220; button_one_text_color__hover_enabled=&#8220;off&#8220; button_two_text_color__hover_enabled=&#8220;off&#8220; button_border_width__hover_enabled=&#8220;off&#8220; button_one_border_width__hover_enabled=&#8220;off&#8220; button_two_border_width__hover_enabled=&#8220;off&#8220; button_border_color__hover_enabled=&#8220;off&#8220; button_one_border_color__hover_enabled=&#8220;off&#8220; button_two_border_color__hover_enabled=&#8220;off&#8220; button_border_radius__hover_enabled=&#8220;off&#8220; button_one_border_radius__hover_enabled=&#8220;off&#8220; button_two_border_radius__hover_enabled=&#8220;off&#8220; button_letter_spacing__hover_enabled=&#8220;off&#8220; button_one_letter_spacing__hover_enabled=&#8220;off&#8220; button_two_letter_spacing__hover_enabled=&#8220;off&#8220; button_bg_color__hover_enabled=&#8220;off&#8220; button_one_bg_color__hover_enabled=&#8220;off&#8220; button_two_bg_color__hover_enabled=&#8220;off&#8220;][\/et_pb_contact_field][et_pb_contact_field field_id=&#8220;Email&#8220; field_title=&#8220;E-mail&#8220; field_type=&#8220;email&#8220; _builder_version=&#8220;4.27.4&#8243; global_colors_info=&#8220;{}&#8220; button_text_size__hover_enabled=&#8220;off&#8220; button_one_text_size__hover_enabled=&#8220;off&#8220; button_two_text_size__hover_enabled=&#8220;off&#8220; button_text_color__hover_enabled=&#8220;off&#8220; button_one_text_color__hover_enabled=&#8220;off&#8220; button_two_text_color__hover_enabled=&#8220;off&#8220; button_border_width__hover_enabled=&#8220;off&#8220; button_one_border_width__hover_enabled=&#8220;off&#8220; button_two_border_width__hover_enabled=&#8220;off&#8220; button_border_color__hover_enabled=&#8220;off&#8220; button_one_border_color__hover_enabled=&#8220;off&#8220; button_two_border_color__hover_enabled=&#8220;off&#8220; button_border_radius__hover_enabled=&#8220;off&#8220; button_one_border_radius__hover_enabled=&#8220;off&#8220; button_two_border_radius__hover_enabled=&#8220;off&#8220; button_letter_spacing__hover_enabled=&#8220;off&#8220; button_one_letter_spacing__hover_enabled=&#8220;off&#8220; button_two_letter_spacing__hover_enabled=&#8220;off&#8220; button_bg_color__hover_enabled=&#8220;off&#8220; button_one_bg_color__hover_enabled=&#8220;off&#8220; button_two_bg_color__hover_enabled=&#8220;off&#8220;][\/et_pb_contact_field][et_pb_contact_field field_id=&#8220;Telefon&#8220; field_title=&#8220;Telef\u00f3nne \u010d\u00edslo&#8220; _builder_version=&#8220;4.27.4&#8243; global_colors_info=&#8220;{}&#8220; button_text_size__hover_enabled=&#8220;off&#8220; button_one_text_size__hover_enabled=&#8220;off&#8220; button_two_text_size__hover_enabled=&#8220;off&#8220; button_text_color__hover_enabled=&#8220;off&#8220; button_one_text_color__hover_enabled=&#8220;off&#8220; button_two_text_color__hover_enabled=&#8220;off&#8220; button_border_width__hover_enabled=&#8220;off&#8220; button_one_border_width__hover_enabled=&#8220;off&#8220; button_two_border_width__hover_enabled=&#8220;off&#8220; button_border_color__hover_enabled=&#8220;off&#8220; button_one_border_color__hover_enabled=&#8220;off&#8220; button_two_border_color__hover_enabled=&#8220;off&#8220; button_border_radius__hover_enabled=&#8220;off&#8220; button_one_border_radius__hover_enabled=&#8220;off&#8220; button_two_border_radius__hover_enabled=&#8220;off&#8220; button_letter_spacing__hover_enabled=&#8220;off&#8220; button_one_letter_spacing__hover_enabled=&#8220;off&#8220; button_two_letter_spacing__hover_enabled=&#8220;off&#8220; button_bg_color__hover_enabled=&#8220;off&#8220; button_one_bg_color__hover_enabled=&#8220;off&#8220; button_two_bg_color__hover_enabled=&#8220;off&#8220;][\/et_pb_contact_field][et_pb_contact_field field_id=&#8220;Absender&#8220; field_title=&#8220; &#8220; field_type=&#8220;radio&#8220; radio_options=&#8220;%91{%22value%22:%22H\u013ead\u00e1m si pr\u00e1cu%22,%22checked%22:0,%22dragID%22:-1},{%22value%22:%22H\u013ead\u00e1m zamestnancov%22,%22checked%22:0,%22dragID%22:0}%93&#8243; _builder_version=&#8220;4.27.4&#8243; _module_preset=&#8220;default&#8220; global_colors_info=&#8220;{}&#8220;][\/et_pb_contact_field][et_pb_contact_field field_id=&#8220;Firma&#8220; field_title=&#8220;Spolo\u010dnos\u0165&#8220; conditional_logic=&#8220;on&#8220; conditional_logic_relation=&#8220;on&#8220; conditional_logic_rules=&#8220;%91{%22field%22:%22absender%22,%22condition%22:%22is%22,%22value%22:%22Ich suche Mitarbeiter%22}%93&#8243; _builder_version=&#8220;4.27.4&#8243; _module_preset=&#8220;default&#8220; global_colors_info=&#8220;{}&#8220;][\/et_pb_contact_field][et_pb_contact_field field_id=&#8220;Nachricht&#8220; field_title=&#8220;Va\u0161a spr\u00e1va&#8220; field_type=&#8220;text&#8220; fullwidth_field=&#8220;on&#8220; _builder_version=&#8220;4.23.1&#8243; global_colors_info=&#8220;{}&#8220; button_text_size__hover_enabled=&#8220;off&#8220; button_one_text_size__hover_enabled=&#8220;off&#8220; button_two_text_size__hover_enabled=&#8220;off&#8220; button_text_color__hover_enabled=&#8220;off&#8220; button_one_text_color__hover_enabled=&#8220;off&#8220; button_two_text_color__hover_enabled=&#8220;off&#8220; button_border_width__hover_enabled=&#8220;off&#8220; button_one_border_width__hover_enabled=&#8220;off&#8220; button_two_border_width__hover_enabled=&#8220;off&#8220; button_border_color__hover_enabled=&#8220;off&#8220; button_one_border_color__hover_enabled=&#8220;off&#8220; button_two_border_color__hover_enabled=&#8220;off&#8220; button_border_radius__hover_enabled=&#8220;off&#8220; button_one_border_radius__hover_enabled=&#8220;off&#8220; button_two_border_radius__hover_enabled=&#8220;off&#8220; button_letter_spacing__hover_enabled=&#8220;off&#8220; button_one_letter_spacing__hover_enabled=&#8220;off&#8220; button_two_letter_spacing__hover_enabled=&#8220;off&#8220; button_bg_color__hover_enabled=&#8220;off&#8220; button_one_bg_color__hover_enabled=&#8220;off&#8220; button_two_bg_color__hover_enabled=&#8220;off&#8220;][\/et_pb_contact_field][et_pb_contact_field field_id=&#8220;Datenschutz&#8220; field_title=&#8220; &#8220; field_type=&#8220;checkbox&#8220; checkbox_options=&#8220;%91{%22value%22:%22Pre\u010d\u00edtal som si z\u00e1sady ochrany osobn\u00fdch \u00fadajov  %22,%22checked%22:0,%22dragID%22:-1,%22link_url%22:%22%92\/datenschutz%92\/%22,%22link_text%22:%22Ochrana \u00fadajov%22}%93&#8243; fullwidth_field=&#8220;on&#8220; _builder_version=&#8220;4.27.4&#8243; _module_preset=&#8220;default&#8220; global_colors_info=&#8220;{}&#8220;][\/et_pb_contact_field][\/et_pb_contact_form][\/et_pb_column][et_pb_column type=&#8220;2_5&#8243; _builder_version=&#8220;4.22.1&#8243; _module_preset=&#8220;default&#8220; global_colors_info=&#8220;{}&#8220;][\/et_pb_column][\/et_pb_row][\/et_pb_section][et_pb_section fb_built=&#8220;1&#8243; _builder_version=&#8220;4.23.1&#8243; _module_preset=&#8220;default&#8220; background_color=&#8220;rgba(180,180,180,0.08)&#8220; custom_padding=&#8220;80px||120px||false|false&#8220; bottom_divider_style=&#8220;mountains2&#8243; bottom_divider_color=&#8220;rgba(55,145,194,0.7)&#8220; bottom_divider_height=&#8220;67px&#8220; bottom_divider_flip=&#8220;horizontal&#8220; box_shadow_style=&#8220;preset6&#8243; box_shadow_color=&#8220;rgba(180,180,180,0.41)&#8220; global_colors_info=&#8220;{}&#8220;][et_pb_row column_structure=&#8220;1_3,1_3,1_3&#8243; _builder_version=&#8220;4.23.1&#8243; _module_preset=&#8220;default&#8220; global_colors_info=&#8220;{}&#8220;][et_pb_column type=&#8220;1_3&#8243; _builder_version=&#8220;4.21.0&#8243; _module_preset=&#8220;default&#8220; global_colors_info=&#8220;{}&#8220;][et_pb_text _builder_version=&#8220;4.23.1&#8243; _module_preset=&#8220;default&#8220; text_font=&#8220;|300|||||||&#8220; header_4_font=&#8220;|||on|||||&#8220; header_4_text_color=&#8220;#3C607D&#8220; header_4_line_height=&#8220;1.6em&#8220; header_5_font=&#8220;|||on|||||&#8220; header_5_text_color=&#8220;#3C607D&#8220; global_colors_info=&#8220;{}&#8220;]<\/p>\n<h4>Slovensko<\/h4>\n<p><strong>Nearshore Lab Ko\u0161ice<\/strong><br \/>Moldavsk\u00e1 cesta 3\/A<br \/>SK - 040 11 Ko\u0161ice<br \/>Tel.: +421 (0) 948 092 205<br \/>Mail: hr@it-impulse.sk<\/p>\n<p>[\/et_pb_text][\/et_pb_column][et_pb_column type=&#8220;1_3&#8243; _builder_version=&#8220;4.21.0&#8243; _module_preset=&#8220;default&#8220; background_color=&#8220;RGBA(255,255,255,0)&#8220; global_colors_info=&#8220;{}&#8220;][et_pb_text _builder_version=&#8220;4.27.4&#8243; _module_preset=&#8220;default&#8220; text_font=&#8220;|300|||||||&#8220; header_4_font=&#8220;|||on|||||&#8220; header_4_text_color=&#8220;#3C607D&#8220; header_4_line_height=&#8220;1.6em&#8220; header_5_font=&#8220;|||on|||||&#8220; header_5_text_color=&#8220;#3C607D&#8220; global_colors_info=&#8220;{}&#8220;]<\/p>\n<h4>Nemecko<\/h4>\n<p><strong>S\u00eddlo IT-Impulse<\/strong><br \/>Robert-Koch-Strasse 39<br \/>55129 Mainz<br \/>Tel.: +49 6131 \/ 6008 120<br \/>Mail: info@it-impulse.net<\/p>\n<p>[\/et_pb_text][\/et_pb_column][et_pb_column type=&#8220;1_3&#8243; _builder_version=&#8220;4.21.0&#8243; _module_preset=&#8220;default&#8220; global_colors_info=&#8220;{}&#8220;][et_pb_text _builder_version=&#8220;4.23.1&#8243; _module_preset=&#8220;default&#8220; text_font=&#8220;|300|||||||&#8220; header_4_font=&#8220;|||on|||||&#8220; header_4_text_color=&#8220;#3C607D&#8220; header_4_line_height=&#8220;1.6em&#8220; header_5_font=&#8220;|||on|||||&#8220; header_5_text_color=&#8220;#3C607D&#8220; global_colors_info=&#8220;{}&#8220;]<\/p>\n<h4>\u0160panielsko<\/h4>\n<p><strong>Nearshore Lab Sevilla<\/strong><br \/>Edificio Morera &amp; Vallejo Calle Aviaci\u00f3n 18, 1a planta<br \/>ESP - C.P. 41007 Sevilla<br \/>Tel.: +34 955 040 088<br \/>Mail: seleccion@job-impulse.es<\/p>\n<p>[\/et_pb_text][\/et_pb_column][\/et_pb_row][et_pb_row column_structure=&#8220;1_3,1_3,1_3&#8243; _builder_version=&#8220;4.23.1&#8243; _module_preset=&#8220;default&#8220; global_colors_info=&#8220;{}&#8220;][et_pb_column type=&#8220;1_3&#8243; _builder_version=&#8220;4.21.0&#8243; _module_preset=&#8220;default&#8220; global_colors_info=&#8220;{}&#8220;][et_pb_text _builder_version=&#8220;4.27.4&#8243; _module_preset=&#8220;default&#8220; text_font=&#8220;|300|||||||&#8220; header_4_font=&#8220;|||on|||||&#8220; header_4_text_color=&#8220;#3C607D&#8220; header_4_line_height=&#8220;1.6em&#8220; header_5_font=&#8220;|||on|||||&#8220; header_5_text_color=&#8220;#3C607D&#8220; global_colors_info=&#8220;{}&#8220;]<\/p>\n<h4>Portugalsko<\/h4>\n<p><strong>IT-Impulse Lab Porto<\/strong><br \/>\nRua de Cam\u00f5es 352<br \/>\n4000-138 Porto<br \/>\nMail: info@it-impulse.net[\/et_pb_text][\/et_pb_column][et_pb_column type=&#8220;1_3&#8243; _builder_version=&#8220;4.21.0&#8243; _module_preset=&#8220;default&#8220; background_color=&#8220;RGBA(255,255,255,0)&#8220; global_colors_info=&#8220;{}&#8220;][et_pb_text _builder_version=&#8220;4.27.4&#8243; _module_preset=&#8220;default&#8220; text_font=&#8220;|300|||||||&#8220; header_4_font=&#8220;|||on|||||&#8220; header_4_text_color=&#8220;#3C607D&#8220; header_4_line_height=&#8220;1.6em&#8220; header_5_font=&#8220;|||on|||||&#8220; header_5_text_color=&#8220;#3C607D&#8220; global_colors_info=&#8220;{}&#8220;]<\/p>\n<h4>Bulharsko<\/h4>\n<p><strong>Nearshore Lab Sofia<\/strong><br \/>102, Bulgaria Blvd,<br \/>Bellissimo Business Centre,<br \/>1680 Sofia<br \/>Mail: info@it-impulse.net<\/p>\n<p>[\/et_pb_text][\/et_pb_column][et_pb_column type=&#8220;1_3&#8243; _builder_version=&#8220;4.21.0&#8243; _module_preset=&#8220;default&#8220; global_colors_info=&#8220;{}&#8220;][et_pb_text _builder_version=&#8220;4.27.4&#8243; _module_preset=&#8220;default&#8220; text_font=&#8220;|300|||||||&#8220; header_4_font=&#8220;|||on|||||&#8220; header_4_text_color=&#8220;#3C607D&#8220; header_4_line_height=&#8220;1.6em&#8220; header_5_font=&#8220;|||on|||||&#8220; header_5_text_color=&#8220;#3C607D&#8220; global_colors_info=&#8220;{}&#8220;]<\/p>\n<h4>Rwanda<\/h4>\n<p><strong>IT-Impulse Lab Kigali<\/strong><br \/>\nOkres: GASABO<br \/>\nSektor: KIMIHURURA<br \/>\nBunka: KAMUKINA<br \/>\nObec: NYENYERI<br \/>\n\u010c\u00edslo ulice: KG 7 Ave<br \/>\nKigali Heights, East Wing, 4th Floor<br \/>\nMail: info@it-impulse.net[\/et_pb_text][\/et_pb_column][\/et_pb_row][\/et_pb_section][et_pb_section fb_built=&#8220;1&#8243; _builder_version=&#8220;4.27.4&#8243; _module_preset=&#8220;default&#8220; background_color=&#8220;#3791C2&#8243; custom_margin=&#8220;||||false|false&#8220; custom_padding=&#8220;0px||3px||false|false&#8220; global_module=&#8220;536&#8243; saved_tabs=&#8220;all&#8220; global_colors_info=&#8220;{}&#8220;][et_pb_row column_structure=&#8220;2_3,1_3&#8243; _builder_version=&#8220;4.27.4&#8243; _module_preset=&#8220;default&#8220; custom_padding=&#8220;35px||20px||false|false&#8220; global_colors_info=&#8220;{}&#8220;][et_pb_column type=&#8220;2_3&#8243; _builder_version=&#8220;4.21.0&#8243; _module_preset=&#8220;default&#8220; global_colors_info=&#8220;{}&#8220;][et_pb_text content_tablet=&#8220;<\/p>\n<h4 style=%22text-align: left;%22>Chcete sa o n\u00e1s a na\u0161ich slu\u017eb\u00e1ch dozvedie\u0165 viac?<\/h4>\n<p>&#8220; content_phone=&#8220;<\/p>\n<h4 style=%22text-align: left;%22>Chcete sa o n\u00e1s a na\u0161ich slu\u017eb\u00e1ch dozvedie\u0165 viac?<\/h4>\n<p>&#8220; content_last_edited=&#8220;on|phone&#8220; _builder_version=&#8220;4.27.4&#8243; _module_preset=&#8220;default&#8220; text_font=&#8220;||||||||&#8220; header_2_text_color=&#8220;#FFFFFF&#8220; background_layout=&#8220;dark&#8220; custom_margin=&#8220;15px||||false|false&#8220; global_colors_info=&#8220;{}&#8220;]<\/p>\n<h4 style=\"text-align: left;\">Chcete sa o n\u00e1s a na\u0161ich slu\u017eb\u00e1ch dozvedie\u0165 viac?<\/h4>\n<p>[\/et_pb_text][\/et_pb_column][et_pb_column type=&#8220;1_3&#8243; _builder_version=&#8220;4.21.0&#8243; _module_preset=&#8220;default&#8220; global_colors_info=&#8220;{}&#8220;][et_pb_button button_url=&#8220;https:\/\/it-impulse.net\/sk\/kontaktujte-nas\/&#8220; button_text=&#8220;Kontaktujte n\u00e1s!&#8220; button_alignment=&#8220;left&#8220; _builder_version=&#8220;4.27.4&#8243; _module_preset=&#8220;default&#8220; custom_button=&#8220;on&#8220; button_text_size=&#8220;22px&#8220; button_text_color=&#8220;#FFFFFF&#8220; button_bg_color=&#8220;#3791C2&#8243; button_border_width=&#8220;5px&#8220; button_border_color=&#8220;#FFFFFF&#8220; button_use_icon=&#8220;off&#8220; custom_padding=&#8220;7px|25px|7px|25px|true|true&#8220; button_text_size_tablet=&#8220;&#8220; button_text_size_phone=&#8220;18px&#8220; button_text_size_last_edited=&#8220;on|phone&#8220; global_colors_info=&#8220;{}&#8220;][\/et_pb_button][\/et_pb_column][\/et_pb_row][\/et_pb_section]<\/p>\n","protected":false},"excerpt":{"rendered":"<p>Sme tu pre v\u00e1s!M\u00e1te ot\u00e1zky o na\u0161ich IT slu\u017eb\u00e1ch alebo m\u00e1te z\u00e1ujem s nami spolupracova\u0165? Nev\u00e1hajte n\u00e1s kontaktova\u0165 prostredn\u00edctvom ni\u017e\u0161ie uveden\u00e9ho formul\u00e1ra. N\u00e1\u0161 t\u00edm sa v\u00e1m \u010do najsk\u00f4r ozve - bez oh\u013eadu na to, \u010di potrebujete podporu pri projekte alebo chcete z\u00edska\u0165 viac inform\u00e1ci\u00ed. Te\u0161\u00edme sa na va\u0161u odpove\u010f! Na\u0161a centr\u00e1la IT impulzy Robert-Koch-Str. 39D-55129 [&hellip;]<\/p>\n","protected":false},"author":1,"featured_media":0,"parent":0,"menu_order":0,"comment_status":"closed","ping_status":"closed","template":"","meta":{"_et_pb_use_builder":"on","_et_pb_old_content":"","_et_gb_content_width":"","footnotes":""},"class_list":["post-1357","page","type-page","status-publish","hentry"],"_links":{"self":[{"href":"https:\/\/it-impulse.net\/sk\/wp-json\/wp\/v2\/pages\/1357","targetHints":{"allow":["GET"]}}],"collection":[{"href":"https:\/\/it-impulse.net\/sk\/wp-json\/wp\/v2\/pages"}],"about":[{"href":"https:\/\/it-impulse.net\/sk\/wp-json\/wp\/v2\/types\/page"}],"author":[{"embeddable":true,"href":"https:\/\/it-impulse.net\/sk\/wp-json\/wp\/v2\/users\/1"}],"replies":[{"embeddable":true,"href":"https:\/\/it-impulse.net\/sk\/wp-json\/wp\/v2\/comments?post=1357"}],"version-history":[{"count":4,"href":"https:\/\/it-impulse.net\/sk\/wp-json\/wp\/v2\/pages\/1357\/revisions"}],"predecessor-version":[{"id":1462,"href":"https:\/\/it-impulse.net\/sk\/wp-json\/wp\/v2\/pages\/1357\/revisions\/1462"}],"wp:attachment":[{"href":"https:\/\/it-impulse.net\/sk\/wp-json\/wp\/v2\/media?parent=1357"}],"curies":[{"name":"wp","href":"https:\/\/api.w.org\/{rel}","templated":true}]}}