{"id":1347,"date":"2023-08-15T17:04:40","date_gmt":"2023-08-15T17:04:40","guid":{"rendered":"https:\/\/it-impulse.net\/pracovne-prilezitosti\/"},"modified":"2025-04-08T17:50:48","modified_gmt":"2025-04-08T17:50:48","slug":"pracovne-prilezitosti","status":"publish","type":"page","link":"https:\/\/it-impulse.net\/sk\/pracovne-prilezitosti\/","title":{"rendered":"Pracovn\u00e9 pr\u00edle\u017eitosti"},"content":{"rendered":"<p>[et_pb_section fb_built=&#8220;1&#8243; fullwidth=&#8220;on&#8220; _builder_version=&#8220;4.21.0&#8243; _module_preset=&#8220;default&#8220; custom_margin=&#8220;||||false|false&#8220; custom_padding=&#8220;||||false|false&#8220; border_width_bottom=&#8220;15px&#8220; border_color_bottom=&#8220;#E60514&#8243; global_colors_info=&#8220;{}&#8220;][et_pb_fullwidth_header title=&#8220;Do\u010dasn\u00e9 zamestnanie&#8220; background_overlay_color=&#8220;RGBA(255,255,255,0)&#8220; _builder_version=&#8220;4.21.0&#8243; _module_preset=&#8220;default&#8220; title_font=&#8220;|700|||||||&#8220; title_font_size=&#8220;85px&#8220; title_line_height=&#8220;1.2em&#8220; background_color=&#8220;RGBA(255,255,255,0)&#8220; background_image=&#8220;https:\/\/it-impulse.net\/wp-content\/uploads\/2023\/07\/AdobeStock_483256456-scaled.jpeg&#8220; parallax=&#8220;on&#8220; custom_button_one=&#8220;on&#8220; button_one_text_color=&#8220;#FFFFFF&#8220; button_one_bg_color=&#8220;#3791C2&#8243; button_one_border_radius=&#8220;57px&#8220; button_one_font=&#8220;|600||on|||||&#8220; button_one_use_icon=&#8220;off&#8220; height=&#8220;500px&#8220; custom_margin=&#8220;||||true|false&#8220; custom_padding=&#8220;200px||0px||false|false&#8220; title_font_size_tablet=&#8220;85px&#8220; title_font_size_phone=&#8220;53px&#8220; title_font_size_last_edited=&#8220;on|phone&#8220; button_one_text_size_tablet=&#8220;&#8220; button_one_text_size_phone=&#8220;17px&#8220; button_one_text_size_last_edited=&#8220;on|phone&#8220; title_text_shadow_style=&#8220;preset3&#8243; title_text_shadow_blur_strength=&#8220;0.12em&#8220; title_text_shadow_color=&#8220;rgba(7,1,0,0.62)&#8220; global_colors_info=&#8220;{}&#8220;][\/et_pb_fullwidth_header][\/et_pb_section][et_pb_section fb_built=&#8220;1&#8243; _builder_version=&#8220;4.21.0&#8243; _module_preset=&#8220;default&#8220; global_colors_info=&#8220;{}&#8220;][et_pb_row _builder_version=&#8220;4.21.0&#8243; _module_preset=&#8220;default&#8220; custom_padding=&#8220;||0px||false|false&#8220; global_colors_info=&#8220;{}&#8220;][et_pb_column type=&#8220;4_4&#8243; _builder_version=&#8220;4.21.0&#8243; _module_preset=&#8220;default&#8220; global_colors_info=&#8220;{}&#8220;][et_pb_text _builder_version=&#8220;4.23.1&#8243; _module_preset=&#8220;default&#8220; header_font=&#8220;|700|||||||&#8220; header_font_size=&#8220;45px&#8220; header_line_height=&#8220;1.1em&#8220; header_2_font=&#8220;|700|||||||&#8220; header_2_line_height=&#8220;1.3em&#8220; header_6_font=&#8220;|||on|||||&#8220; custom_margin=&#8220;0px|||||&#8220; custom_padding=&#8220;||||false|false&#8220; global_colors_info=&#8220;{}&#8220;]<\/p>\n<h2>Rozsiahle a udr\u017eate\u013en\u00e9 rie\u0161enia<\/h2>\n<p>[\/et_pb_text][\/et_pb_column][\/et_pb_row][et_pb_row column_structure=&#8220;3_5,2_5&#8243; _builder_version=&#8220;4.21.0&#8243; _module_preset=&#8220;default&#8220; global_colors_info=&#8220;{}&#8220;][et_pb_column type=&#8220;3_5&#8243; _builder_version=&#8220;4.21.0&#8243; _module_preset=&#8220;default&#8220; global_colors_info=&#8220;{}&#8220;][et_pb_text _builder_version=&#8220;4.21.0&#8243; _module_preset=&#8220;default&#8220; text_font=&#8220;|300|||||||&#8220; global_colors_info=&#8220;{}&#8220;]<\/p>\n<p>Poskytujeme komplexn\u00e9 a udr\u017eate\u013en\u00e9 rie\u0161enia do\u010dasn\u00e9ho zamestn\u00e1vania. V JobImpulse r\u00fdchlo odbreme\u0148ujeme na\u0161ich firemn\u00fdch klientov r\u00fdchlym nasaden\u00edm kvalifikovan\u00fdch odborn\u00edkov. To umo\u017e\u0148uje dynamicky reagova\u0165 na person\u00e1lne nedostatky a v\u00fdkyvy v obchodn\u00fdch po\u017eiadavk\u00e1ch.  <\/p>\n<p>JobImpulse pon\u00faka uch\u00e1dza\u010dom \u0161pecializovan\u00fd kontakt, ktor\u00fd ich sprev\u00e1dza po\u010das celej cesty k prideleniu. Kandid\u00e1tom poskytujeme aj s\u013eubn\u00e9 pr\u00edle\u017eitosti na prechod na trval\u00e9 poz\u00edcie u na\u0161ich klientov. <\/p>\n<p>[\/et_pb_text][\/et_pb_column][et_pb_column type=&#8220;2_5&#8243; _builder_version=&#8220;4.21.0&#8243; _module_preset=&#8220;default&#8220; global_colors_info=&#8220;{}&#8220;][et_pb_image src=&#8220;https:\/\/it-impulse.net\/wp-content\/uploads\/2023\/07\/AdobeStock_268730896-scaled.jpeg&#8220; title_text=&#8220;Ved\u00faca pracovn\u00ed\u010dka v tov\u00e1rni&#8220; _builder_version=&#8220;4.21.0&#8243; _module_preset=&#8220;default&#8220; global_colors_info=&#8220;{}&#8220;][\/et_pb_image][\/et_pb_column][\/et_pb_row][\/et_pb_section][et_pb_section fb_built=&#8220;1&#8243; _builder_version=&#8220;4.21.0&#8243; _module_preset=&#8220;default&#8220; background_color=&#8220;rgba(180,180,180,0.08)&#8220; box_shadow_style=&#8220;preset6&#8243; box_shadow_color=&#8220;rgba(180,180,180,0.41)&#8220; global_colors_info=&#8220;{}&#8220;][et_pb_row column_structure=&#8220;1_2,1_2&#8243; _builder_version=&#8220;4.21.0&#8243; _module_preset=&#8220;default&#8220; global_colors_info=&#8220;{}&#8220;][et_pb_column type=&#8220;1_2&#8243; _builder_version=&#8220;4.21.0&#8243; _module_preset=&#8220;default&#8220; background_color=&#8220;RGBA(255,255,255,0)&#8220; global_colors_info=&#8220;{}&#8220;][et_pb_text _builder_version=&#8220;4.23.1&#8243; _module_preset=&#8220;default&#8220; header_font=&#8220;|700|||||||&#8220; header_font_size=&#8220;45px&#8220; header_line_height=&#8220;1.1em&#8220; header_2_font=&#8220;|700|||||||&#8220; header_2_line_height=&#8220;1.2em&#8220; header_3_font=&#8220;|700|||||||&#8220; header_3_line_height=&#8220;1.2em&#8220; header_6_font=&#8220;|||on|||||&#8220; custom_margin=&#8220;||20px||false|false&#8220; global_colors_info=&#8220;{}&#8220;]<\/p>\n<h3 data-fontsize=\"32\" data-lineheight=\"34.880001px\" class=\"fusion-responsive-typography-calculated\">V\u00fdhody pre kandid\u00e1tov<\/h3>\n<p>[\/et_pb_text][et_pb_text _builder_version=&#8220;4.23.1&#8243; _module_preset=&#8220;default&#8220; text_font=&#8220;|300|||||||&#8220; hover_enabled=&#8220;0&#8243; global_colors_info=&#8220;{}&#8220; sticky_enabled=&#8220;0&#8243;]<\/p>\n<ul>\n<li>R\u00fdchle umiestnenie<\/li>\n<li>Individu\u00e1lna podpora (po\u010das procesu pod\u00e1vania \u017eiadost\u00ed a pri zad\u00e1van\u00ed \u00faloh)<\/li>\n<li>Orient\u00e1cia na pracovisku<\/li>\n<li>Optim\u00e1lne sa s nami m\u00f4\u017eete spoji\u0165 prostredn\u00edctvom svojho <span>osobn\u00e9ho n\u00e1bor\u00e1ra<\/span><\/li>\n<li>Mo\u017enos\u0165 trval\u00e9ho zamestnania u na\u0161ich klientov<\/li>\n<li><span>Vysok\u00e9 n\u00e1stupn\u00e9 mzdy a mo\u017enosti kari\u00e9rneho postupu<\/span><\/li>\n<li>Bal\u00edky poistenia<\/li>\n<li>\u0160pecializovan\u00fd t\u00edm a podporn\u00fd person\u00e1l<\/li>\n<\/ul>\n<p>[\/et_pb_text][\/et_pb_column][et_pb_column type=&#8220;1_2&#8243; _builder_version=&#8220;4.21.0&#8243; _module_preset=&#8220;default&#8220; global_colors_info=&#8220;{}&#8220;][et_pb_text _builder_version=&#8220;4.23.1&#8243; _module_preset=&#8220;default&#8220; header_font=&#8220;|700|||||||&#8220; header_font_size=&#8220;45px&#8220; header_line_height=&#8220;1.1em&#8220; header_2_font=&#8220;|700|||||||&#8220; header_2_line_height=&#8220;1.2em&#8220; header_3_font=&#8220;|700|||||||&#8220; header_3_line_height=&#8220;1.2em&#8220; header_6_font=&#8220;|||on|||||&#8220; custom_margin=&#8220;||20px||false|false&#8220; global_colors_info=&#8220;{}&#8220;]<\/p>\n<h3 data-fontsize=\"32\" data-lineheight=\"34.880001px\" class=\"fusion-responsive-typography-calculated\">V\u00fdhody pre <strong>klientov<\/strong><\/h3>\n<p>[\/et_pb_text][et_pb_text _builder_version=&#8220;4.23.1&#8243; _module_preset=&#8220;default&#8220; text_font=&#8220;|300|||||||&#8220; hover_enabled=&#8220;0&#8243; global_colors_info=&#8220;{}&#8220; sticky_enabled=&#8220;0&#8243;]<\/p>\n<ul>\n<li>Person\u00e1lne rie\u0161enia na mieru pre v\u0161etky odvetvia obchodu, priemyslu a stavebn\u00edctva<\/li>\n<li>R\u00fdchle pokrytie va\u0161ich person\u00e1lnych potrieb<\/li>\n<li>n\u00e1bor z rozsiahlej skupiny kvalifikovan\u00fdch odborn\u00edkov<\/li>\n<li>Zn\u00ed\u017eenie v\u00fdrobn\u00fdch n\u00e1kladov s maxim\u00e1lnou flexibilitou<\/li>\n<li>Podpora pri premiest\u0148ovan\u00ed v\u00fdroby<\/li>\n<li>Prevzatie cel\u00fdch projektov za v\u00e1s v\u00e1m umo\u017en\u00ed s\u00fastredi\u0165 sa na va\u0161u hlavn\u00fa \u010dinnos\u0165<\/li>\n<li>riadenie nasadenia v\u0161etk\u00fdch do\u010dasn\u00fdch pracovn\u00edkov s mana\u017ementom na mieste, ako aj od in\u00fdch poskytovate\u013eov slu\u017eieb<\/li>\n<li>Anal\u00fdza a optimaliz\u00e1cia person\u00e1lnych procesov<\/li>\n<\/ul>\n<p>[\/et_pb_text][\/et_pb_column][\/et_pb_row][\/et_pb_section][et_pb_section fb_built=&#8220;1&#8243; _builder_version=&#8220;4.21.0&#8243; _module_preset=&#8220;default&#8220; background_color=&#8220;#E60514&#8243; custom_margin=&#8220;0px||0px||false|false&#8220; custom_padding=&#8220;0px||0px||false|false&#8220; box_shadow_style=&#8220;preset6&#8243; global_module=&#8220;536&#8243; global_colors_info=&#8220;{}&#8220;][et_pb_row column_structure=&#8220;3_4,1_4&#8243; _builder_version=&#8220;4.21.0&#8243; _module_preset=&#8220;default&#8220; custom_padding=&#8220;35px||27px|||&#8220; global_colors_info=&#8220;{}&#8220;][et_pb_column type=&#8220;3_4&#8243; _builder_version=&#8220;4.21.0&#8243; _module_preset=&#8220;default&#8220; global_colors_info=&#8220;{}&#8220;][et_pb_text content_tablet=&#8220;<\/p>\n<h4 style=%22text-align: left;%22>CHCETE SA PRIDA\u0164 K T\u00cdMU? - Va\u0161a \u0161anca je tu teraz! <\/h4>\n<p>&#8220; content_phone=&#8220;<\/p>\n<h4 style=%22text-align: left;%22>CHCETE SA PRIDA\u0164 K T\u00cdMU?  <br \/>Teraz m\u00e1te \u0161ancu!<\/h4>\n<p>&#8220; content_last_edited=&#8220;on|phone&#8220; _builder_version=&#8220;4.23.1&#8243; _module_preset=&#8220;default&#8220; text_font=&#8220;||||||||&#8220; header_2_text_color=&#8220;#FFFFFF&#8220; background_layout=&#8220;dark&#8220; custom_margin=&#8220;8px|||||&#8220; global_colors_info=&#8220;{}&#8220;]<\/p>\n<h4 style=\"text-align: left;\">CHCETE SA PRIDA\u0164 K T\u00cdMU? - <span>Teraz m\u00e1te \u0161ancu!<\/span> <\/h4>\n<p>[\/et_pb_text][\/et_pb_column][et_pb_column type=&#8220;1_4&#8243; _builder_version=&#8220;4.21.0&#8243; _module_preset=&#8220;default&#8220; global_colors_info=&#8220;{}&#8220;][et_pb_button button_url=&#8220;https:\/\/it-impulse.net\/contact\/&#8220; button_text=&#8220;Kontaktujte n\u00e1s teraz!&#8220; button_alignment=&#8220;left&#8220; _builder_version=&#8220;4.21.0&#8243; _module_preset=&#8220;default&#8220; custom_button=&#8220;on&#8220; button_text_size=&#8220;22px&#8220; button_text_color=&#8220;#E60514&#8243; button_bg_color=&#8220;#FFFFFF&#8220; button_use_icon=&#8220;off&#8220; custom_padding=&#8220;7px|25px|7px|25px|true|true&#8220; global_colors_info=&#8220;{}&#8220;][\/et_pb_button][\/et_pb_column][\/et_pb_row][\/et_pb_section]<\/p>\n","protected":false},"excerpt":{"rendered":"<p>Rozsiahle a udr\u017eate\u013en\u00e9 rie\u0161eniaPoskytujeme komplexn\u00e9 a udr\u017eate\u013en\u00e9 rie\u0161enia do\u010dasn\u00e9ho zamestn\u00e1vania. V JobImpulse r\u00fdchlo odbreme\u0148ujeme na\u0161ich firemn\u00fdch klientov r\u00fdchlym nasaden\u00edm kvalifikovan\u00fdch odborn\u00edkov. To umo\u017e\u0148uje dynamicky reagova\u0165 na person\u00e1lne nedostatky a v\u00fdkyvy v obchodn\u00fdch po\u017eiadavk\u00e1ch. JobImpulse pon\u00faka uch\u00e1dza\u010dom \u0161pecializovan\u00fd kontakt, ktor\u00fd ich sprev\u00e1dza po\u010das celej cesty k prideleniu. Kandid\u00e1tom poskytujeme aj s\u013eubn\u00e9 pr\u00edle\u017eitosti na prechod na trval\u00e9 [&hellip;]<\/p>\n","protected":false},"author":1,"featured_media":0,"parent":0,"menu_order":0,"comment_status":"closed","ping_status":"closed","template":"","meta":{"_et_pb_use_builder":"on","_et_pb_old_content":"","_et_gb_content_width":"","footnotes":""},"class_list":["post-1347","page","type-page","status-publish","hentry"],"_links":{"self":[{"href":"https:\/\/it-impulse.net\/sk\/wp-json\/wp\/v2\/pages\/1347","targetHints":{"allow":["GET"]}}],"collection":[{"href":"https:\/\/it-impulse.net\/sk\/wp-json\/wp\/v2\/pages"}],"about":[{"href":"https:\/\/it-impulse.net\/sk\/wp-json\/wp\/v2\/types\/page"}],"author":[{"embeddable":true,"href":"https:\/\/it-impulse.net\/sk\/wp-json\/wp\/v2\/users\/1"}],"replies":[{"embeddable":true,"href":"https:\/\/it-impulse.net\/sk\/wp-json\/wp\/v2\/comments?post=1347"}],"version-history":[{"count":2,"href":"https:\/\/it-impulse.net\/sk\/wp-json\/wp\/v2\/pages\/1347\/revisions"}],"predecessor-version":[{"id":1349,"href":"https:\/\/it-impulse.net\/sk\/wp-json\/wp\/v2\/pages\/1347\/revisions\/1349"}],"wp:attachment":[{"href":"https:\/\/it-impulse.net\/sk\/wp-json\/wp\/v2\/media?parent=1347"}],"curies":[{"name":"wp","href":"https:\/\/api.w.org\/{rel}","templated":true}]}}