{"id":1341,"date":"2023-07-19T16:23:19","date_gmt":"2023-07-19T16:23:19","guid":{"rendered":"https:\/\/it-impulse.net\/vyhladavanie-pracovnych-miest\/"},"modified":"2025-04-30T07:33:22","modified_gmt":"2025-04-30T07:33:22","slug":"vyhladavanie-pracovnych-miest","status":"publish","type":"page","link":"https:\/\/it-impulse.net\/sk\/vyhladavanie-pracovnych-miest\/","title":{"rendered":"Vyh\u013ead\u00e1vanie pracovn\u00fdch miest"},"content":{"rendered":"<p>[et_pb_section fb_built=&#8220;1&#8243; fullwidth=&#8220;on&#8220; _builder_version=&#8220;4.27.4&#8243; _module_preset=&#8220;default&#8220; custom_margin=&#8220;||||false|false&#8220; custom_padding=&#8220;||||false|false&#8220; global_colors_info=&#8220;{}&#8220;][et_pb_fullwidth_header title=&#8220;Pracovn\u00e9 miesta pre IT \u0161pecialistov&#8220; header_scroll_down=&#8220;on&#8220; scroll_down_icon=&#8220;%%7%%&#8220; scroll_down_icon_size=&#8220;44px&#8220; background_overlay_color=&#8220;RGBA(255,255,255,0)&#8220; _builder_version=&#8220;4.27.4&#8243; _module_preset=&#8220;default&#8220; title_font=&#8220;|700|||||||&#8220; title_text_align=&#8220;center&#8220; title_font_size=&#8220;85px&#8220; background_color=&#8220;RGBA(255,255,255,0)&#8220; background_image=&#8220;https:\/\/it-impulse.net\/wp-content\/uploads\/2025\/04\/image005.png&#8220; background_position=&#8220;top_center&#8220; background_vertical_offset=&#8220;22%&#8220; custom_button_one=&#8220;on&#8220; button_one_text_color=&#8220;#FFFFFF&#8220; button_one_bg_color=&#8220;#3791C2&#8243; button_one_border_radius=&#8220;57px&#8220; button_one_font=&#8220;|600||on|||||&#8220; button_one_use_icon=&#8220;off&#8220; custom_margin=&#8220;||||false|false&#8220; custom_padding=&#8220;22%||5%||false|false&#8220; custom_padding_tablet=&#8220;||10%||false|false&#8220; custom_padding_phone=&#8220;||10%||false|false&#8220; custom_padding_last_edited=&#8220;on|desktop&#8220; link_option_url=&#8220;#jobs&#8220; hover_enabled=&#8220;0&#8243; title_font_size_tablet=&#8220;50px&#8220; title_font_size_phone=&#8220;35px&#8220; title_font_size_last_edited=&#8220;on|phone&#8220; background_last_edited=&#8220;on|phone&#8220; button_one_text_size_tablet=&#8220;&#8220; button_one_text_size_phone=&#8220;17px&#8220; button_one_text_size_last_edited=&#8220;on|phone&#8220; title_text_shadow_style=&#8220;preset3&#8243; title_text_shadow_blur_strength=&#8220;0.12em&#8220; title_text_shadow_color=&#8220;rgba(7,1,0,0.62)&#8220; global_colors_info=&#8220;{}&#8220; title_text=&#8220;image005&#8243; sticky_enabled=&#8220;0&#8243;][\/et_pb_fullwidth_header][\/et_pb_section][et_pb_section fb_built=&#8220;1&#8243; _builder_version=&#8220;4.27.4&#8243; _module_preset=&#8220;default&#8220; custom_padding=&#8220;80px||80px||true|false&#8220; border_color_all=&#8220;#3791C2&#8243; border_width_top=&#8220;10px&#8220; border_color_top=&#8220;#3C607D&#8220; global_colors_info=&#8220;{}&#8220;][et_pb_row _builder_version=&#8220;4.27.4&#8243; _module_preset=&#8220;default&#8220; global_colors_info=&#8220;{}&#8220;][et_pb_column type=&#8220;4_4&#8243; _builder_version=&#8220;4.23.1&#8243; _module_preset=&#8220;default&#8220; global_colors_info=&#8220;{}&#8220;][et_pb_text _builder_version=&#8220;4.27.4&#8243; _module_preset=&#8220;default&#8220; header_font=&#8220;|700|||||||&#8220; header_font_size=&#8220;45px&#8220; header_line_height=&#8220;1.1em&#8220; header_2_font=&#8220;|700|||||||&#8220; header_2_line_height=&#8220;1.3em&#8220; header_6_font=&#8220;|||on|||||&#8220; custom_margin=&#8220;0px|||||&#8220; custom_padding=&#8220;||||false|false&#8220; global_colors_info=&#8220;{}&#8220;]<\/p>\n<h2><span>Sta\u0148te sa s\u00fa\u010das\u0165ou siln\u00e9ho IT t\u00edmu<\/span><\/h2>\n<p>[\/et_pb_text][\/et_pb_column][\/et_pb_row][et_pb_row column_structure=&#8220;3_5,2_5&#8243; _builder_version=&#8220;4.23.1&#8243; _module_preset=&#8220;default&#8220; custom_padding=&#8220;1px|||||&#8220; global_colors_info=&#8220;{}&#8220;][et_pb_column type=&#8220;3_5&#8243; _builder_version=&#8220;4.21.0&#8243; _module_preset=&#8220;default&#8220; global_colors_info=&#8220;{}&#8220;][et_pb_text _builder_version=&#8220;4.27.4&#8243; _module_preset=&#8220;default&#8220; text_font=&#8220;|300|||||||&#8220; global_colors_info=&#8220;{}&#8220;]<\/p>\n<p><span>V IT-Impulse budete pracova\u0165 na inovat\u00edvnych projektoch v medzin\u00e1rodnom prostred\u00ed a vyv\u00edja\u0165 rie\u0161enia na mieru pre na\u0161ich z\u00e1kazn\u00edkov. Pon\u00fakame v\u00e1m flexibiln\u00e9 pracovn\u00e9 modely, jasn\u00e9 kari\u00e9rne vyhliadky a podporn\u00fd t\u00edm, ktor\u00fd si v\u00e1\u017ei va\u0161e n\u00e1pady a spolupracuje ako partneri.   <\/span><\/p>\n<p><strong>Sta\u0148te sa s\u00fa\u010das\u0165ou na\u0161ej v\u00edzie a zistite, <span>ako m\u00f4\u017ee IT-Impulse podpori\u0165 va\u0161u kari\u00e9ru!<\/span><\/strong><\/p>\n<p>[\/et_pb_text][\/et_pb_column][et_pb_column type=&#8220;2_5&#8243; _builder_version=&#8220;4.21.0&#8243; _module_preset=&#8220;default&#8220; global_colors_info=&#8220;{}&#8220;][et_pb_image src=&#8220;https:\/\/it-impulse.net\/wp-content\/uploads\/2025\/04\/image007.png&#8220; title_text=&#8220;obr\u00e1zok007&#8243; _builder_version=&#8220;4.27.4&#8243; _module_preset=&#8220;default&#8220; custom_margin=&#8220;0px|||||&#8220; hover_enabled=&#8220;0&#8243; global_colors_info=&#8220;{}&#8220; sticky_enabled=&#8220;0&#8243;][\/et_pb_image][\/et_pb_column][\/et_pb_row][\/et_pb_section][et_pb_section fb_built=&#8220;1&#8243; module_id=&#8220;pracovn\u00e9 miesta&#8220; _builder_version=&#8220;4.27.4&#8243; _module_preset=&#8220;default&#8220; background_color=&#8220;rgba(180,180,180,0.08)&#8220; custom_padding=&#8220;||35px||false|false&#8220; bottom_divider_style=&#8220;mountains2&#8243; bottom_divider_color=&#8220;rgba(55,145,194,0.7)&#8220; bottom_divider_height=&#8220;80px&#8220; bottom_divider_flip=&#8220;horizontal&#8220; bottom_divider_arrangement=&#8220;above_content&#8220; box_shadow_style=&#8220;preset6&#8243; box_shadow_color=&#8220;rgba(180,180,180,0.41)&#8220; global_colors_info=&#8220;{}&#8220;][et_pb_row column_structure=&#8220;2_3,1_3&#8243; _builder_version=&#8220;4.21.0&#8243; _module_preset=&#8220;default&#8220; custom_padding=&#8220;||2px|||&#8220; global_colors_info=&#8220;{}&#8220;][et_pb_column type=&#8220;2_3&#8243; _builder_version=&#8220;4.21.0&#8243; _module_preset=&#8220;default&#8220; global_colors_info=&#8220;{}&#8220;][et_pb_text _builder_version=&#8220;4.23.1&#8243; _module_preset=&#8220;default&#8220; header_font=&#8220;|700|||||||&#8220; header_font_size=&#8220;45px&#8220; header_line_height=&#8220;1.1em&#8220; header_2_font=&#8220;|700|||||||&#8220; header_2_line_height=&#8220;1.2em&#8220; header_6_font=&#8220;|||on|||||&#8220; custom_margin=&#8220;-2px|||||&#8220; global_colors_info=&#8220;{}&#8220;]<\/p>\n<h2 class=\"fusion-responsive-typography-calculated\" data-fontsize=\"32\" data-lineheight=\"34.880001px\">Tu sa za\u010d\u00edna va\u0161a nov\u00e1 kari\u00e9ra!<\/h2>\n<p>[\/et_pb_text][\/et_pb_column][et_pb_column type=&#8220;1_3&#8243; _builder_version=&#8220;4.21.0&#8243; _module_preset=&#8220;default&#8220; global_colors_info=&#8220;{}&#8220;][\/et_pb_column][\/et_pb_row][et_pb_row _builder_version=&#8220;4.22.1&#8243; _module_preset=&#8220;default&#8220; global_colors_info=&#8220;{}&#8220;][et_pb_column type=&#8220;4_4&#8243; _builder_version=&#8220;4.21.0&#8243; _module_preset=&#8220;default&#8220; global_colors_info=&#8220;{}&#8220;][et_pb_code disabled_on=&#8220;off|off|off&#8220; _builder_version=&#8220;4.27.4&#8243; _module_preset=&#8220;default&#8220; global_colors_info=&#8220;{}&#8220;]<!-- Start PCRecruiter WP 2.0.6--><iframe frameborder=\"0\" host=\"https:\/\/host.pcrecruiter.net\/pcrbin\/jobboard.aspx?uid=IT%20Impulse%20Slovakia.itimpulsslovakia\" id=\"pcrframe\" name=\"pcrframe\" src=\"about:blank\" style=\"height:640px;width:100%;background-color:transparent;border:0;margin:0;padding:0\" onload=\"pcrframeurl();\"><\/iframe><!-- End PCRecruiter WP -->[\/et_pb_code][\/et_pb_column][\/et_pb_row][\/et_pb_section][et_pb_section fb_built=&#8220;1&#8243; _builder_version=&#8220;4.27.4&#8243; _module_preset=&#8220;default&#8220; background_color=&#8220;#3791C2&#8243; custom_margin=&#8220;||||false|false&#8220; custom_padding=&#8220;0px||3px||false|false&#8220; box_shadow_style=&#8220;preset6&#8243; global_module=&#8220;536&#8243; saved_tabs=&#8220;all&#8220; global_colors_info=&#8220;{}&#8220;][et_pb_row column_structure=&#8220;2_3,1_3&#8243; _builder_version=&#8220;4.27.4&#8243; _module_preset=&#8220;default&#8220; custom_padding=&#8220;35px||20px||false|false&#8220; global_colors_info=&#8220;{}&#8220;][et_pb_column type=&#8220;2_3&#8243; _builder_version=&#8220;4.21.0&#8243; _module_preset=&#8220;default&#8220; global_colors_info=&#8220;{}&#8220;][et_pb_text content_tablet=&#8220;<\/p>\n<h4 style=%22text-align: left;%22>Chcete sa o n\u00e1s a na\u0161ich slu\u017eb\u00e1ch dozvedie\u0165 viac?<\/h4>\n<p>&#8220; content_phone=&#8220;<\/p>\n<h4 style=%22text-align: left;%22>Chcete sa o n\u00e1s a na\u0161ich slu\u017eb\u00e1ch dozvedie\u0165 viac?<\/h4>\n<p>&#8220; content_last_edited=&#8220;on|phone&#8220; _builder_version=&#8220;4.27.4&#8243; _module_preset=&#8220;default&#8220; text_font=&#8220;||||||||&#8220; header_2_text_color=&#8220;#FFFFFF&#8220; background_layout=&#8220;dark&#8220; custom_margin=&#8220;15px||||false|false&#8220; global_colors_info=&#8220;{}&#8220;]<\/p>\n<h4 style=\"text-align: left;\">Chcete sa o n\u00e1s a na\u0161ich slu\u017eb\u00e1ch dozvedie\u0165 viac?<\/h4>\n<p>[\/et_pb_text][\/et_pb_column][et_pb_column type=&#8220;1_3&#8243; _builder_version=&#8220;4.21.0&#8243; _module_preset=&#8220;default&#8220; global_colors_info=&#8220;{}&#8220;][et_pb_button button_url=&#8220;https:\/\/it-impulse.net\/sk\/kontaktujte-nas\/&#8220; button_text=&#8220;Kontaktujte n\u00e1s!&#8220; button_alignment=&#8220;left&#8220; _builder_version=&#8220;4.27.4&#8243; _module_preset=&#8220;default&#8220; custom_button=&#8220;on&#8220; button_text_size=&#8220;22px&#8220; button_text_color=&#8220;#FFFFFF&#8220; button_bg_color=&#8220;#3791C2&#8243; button_border_width=&#8220;5px&#8220; button_border_color=&#8220;#FFFFFF&#8220; button_use_icon=&#8220;off&#8220; custom_padding=&#8220;7px|25px|7px|25px|true|true&#8220; button_text_size_tablet=&#8220;&#8220; button_text_size_phone=&#8220;18px&#8220; button_text_size_last_edited=&#8220;on|phone&#8220; global_colors_info=&#8220;{}&#8220;][\/et_pb_button][\/et_pb_column][\/et_pb_row][\/et_pb_section]<\/p>\n","protected":false},"excerpt":{"rendered":"<p>Sta\u0148te sa s\u00fa\u010das\u0165ou siln\u00e9ho IT t\u00edmuV IT-Impulse budete pracova\u0165 na inovat\u00edvnych projektoch v medzin\u00e1rodnom prostred\u00ed a vyv\u00edja\u0165 rie\u0161enia na mieru pre na\u0161ich z\u00e1kazn\u00edkov. Pon\u00fakame v\u00e1m flexibiln\u00e9 pracovn\u00e9 modely, jasn\u00e9 kari\u00e9rne vyhliadky a podporn\u00fd t\u00edm, ktor\u00fd si v\u00e1\u017ei va\u0161e n\u00e1pady a spolupracuje ako partneri. Sta\u0148te sa s\u00fa\u010das\u0165ou na\u0161ej v\u00edzie a zistite, ako m\u00f4\u017ee IT-Impulse podpori\u0165 va\u0161u [&hellip;]<\/p>\n","protected":false},"author":1,"featured_media":0,"parent":0,"menu_order":0,"comment_status":"closed","ping_status":"closed","template":"","meta":{"_et_pb_use_builder":"on","_et_pb_old_content":"","_et_gb_content_width":"","footnotes":""},"class_list":["post-1341","page","type-page","status-publish","hentry"],"_links":{"self":[{"href":"https:\/\/it-impulse.net\/sk\/wp-json\/wp\/v2\/pages\/1341","targetHints":{"allow":["GET"]}}],"collection":[{"href":"https:\/\/it-impulse.net\/sk\/wp-json\/wp\/v2\/pages"}],"about":[{"href":"https:\/\/it-impulse.net\/sk\/wp-json\/wp\/v2\/types\/page"}],"author":[{"embeddable":true,"href":"https:\/\/it-impulse.net\/sk\/wp-json\/wp\/v2\/users\/1"}],"replies":[{"embeddable":true,"href":"https:\/\/it-impulse.net\/sk\/wp-json\/wp\/v2\/comments?post=1341"}],"version-history":[{"count":4,"href":"https:\/\/it-impulse.net\/sk\/wp-json\/wp\/v2\/pages\/1341\/revisions"}],"predecessor-version":[{"id":1457,"href":"https:\/\/it-impulse.net\/sk\/wp-json\/wp\/v2\/pages\/1341\/revisions\/1457"}],"wp:attachment":[{"href":"https:\/\/it-impulse.net\/sk\/wp-json\/wp\/v2\/media?parent=1341"}],"curies":[{"name":"wp","href":"https:\/\/api.w.org\/{rel}","templated":true}]}}